{"id":8,"date":"2017-12-22T14:58:48","date_gmt":"2017-12-22T13:58:48","guid":{"rendered":"http:\/\/aceee.eu\/?page_id=8"},"modified":"2020-11-19T14:51:01","modified_gmt":"2020-11-19T13:51:01","slug":"a-propos-de","status":"publish","type":"page","link":"http:\/\/aceee.eu\/","title":{"rendered":"Pr\u00e9sentation"},"content":{"rendered":"<h5><\/h5>\n<h6><b>ACEEE \u00e0 \u00e9t\u00e9 cr\u00e9\u00e9 en 2000 par son g\u00e9rant actuel apr\u00e8s 10 ans d\u2019exp\u00e9rience professionnelle en tant qu\u2019ing\u00e9nieur originaire et en relation avec les Pays de l&rsquo;Est.<\/b> <strong>D\u2019abord entreprise individuelle, celle-ci a \u00e9t\u00e9 transform\u00e9e en Sarl.<\/strong><\/h6>\n<h6><strong>Ses activit\u00e9s :<\/strong><\/h6>\n<blockquote>\n<ol>\n<li>\n<h6><b>Fabrications de pi\u00e8ces \u00e0 fa\u00e7on selon dessin du donneur d\u2019ordre, m\u00e9canosoud\u00e9s, charpentes, usinages, d\u00e9coupe-emboutissage, t\u00f4lerie acier&amp;inox, travail du tube,\u00a0 fonderie\u00a0\u00a0(fontes grises ou GS ; m\u00e9taux\u00a0non ferreux, alu..\u00a0 sable, coquille, sous pression) ; injection plastique ; mati\u00e8re : acier, inox, non ferreux, plastique  &#8230;.<\/b><\/h6>\n<\/li>\n<li>\n<h6><strong>R\u00e9ductions des couts, Design to Cost, r\u00e9seaux atelier en Europe orientale\u2026<\/strong><\/h6>\n<\/li>\n<li>\n<h6><strong>Conseil techniques, am\u00e9liorations techniques, collaborations pluridisciplinaires\u2026<\/strong><\/h6>\n<\/li>\n<\/ol>\n<\/blockquote>\n<p><strong>Dans diff\u00e9rents domaines tels que l\u2019industrie, les biens d\u2019\u00e9quipements, les machines-outils, automotive, les \u00e9quipements &amp; engins agricoles, le b\u00e2timent&#8230;<\/strong><\/p>\n","protected":false},"excerpt":{"rendered":"<p>ACEEE \u00e0 \u00e9t\u00e9 cr\u00e9\u00e9 en 2000 par son g\u00e9rant actuel apr\u00e8s 10 ans d\u2019exp\u00e9rience professionnelle en tant qu\u2019ing\u00e9nieur originaire et en relation avec les Pays de l&rsquo;Est. D\u2019abord entreprise individuelle, celle-ci a \u00e9t\u00e9 transform\u00e9e en Sarl. Ses activit\u00e9s : Fabrications de pi\u00e8ces \u00e0 fa\u00e7on selon dessin du donneur d\u2019ordre, m\u00e9canosoud\u00e9s, charpentes, usinages, d\u00e9coupe-emboutissage, t\u00f4lerie acier&amp;inox, &hellip; <a href=\"http:\/\/aceee.eu\/\" class=\"more-link\">Continuer la lecture de <span class=\"screen-reader-text\">Pr\u00e9sentation<\/span> <span class=\"meta-nav\">&rarr;<\/span><\/a><\/p>\n","protected":false},"author":1,"featured_media":0,"parent":0,"menu_order":0,"comment_status":"closed","ping_status":"closed","template":"","meta":[],"_links":{"self":[{"href":"http:\/\/aceee.eu\/index.php\/wp-json\/wp\/v2\/pages\/8"}],"collection":[{"href":"http:\/\/aceee.eu\/index.php\/wp-json\/wp\/v2\/pages"}],"about":[{"href":"http:\/\/aceee.eu\/index.php\/wp-json\/wp\/v2\/types\/page"}],"author":[{"embeddable":true,"href":"http:\/\/aceee.eu\/index.php\/wp-json\/wp\/v2\/users\/1"}],"replies":[{"embeddable":true,"href":"http:\/\/aceee.eu\/index.php\/wp-json\/wp\/v2\/comments?post=8"}],"version-history":[{"count":27,"href":"http:\/\/aceee.eu\/index.php\/wp-json\/wp\/v2\/pages\/8\/revisions"}],"predecessor-version":[{"id":572,"href":"http:\/\/aceee.eu\/index.php\/wp-json\/wp\/v2\/pages\/8\/revisions\/572"}],"wp:attachment":[{"href":"http:\/\/aceee.eu\/index.php\/wp-json\/wp\/v2\/media?parent=8"}],"curies":[{"name":"wp","href":"https:\/\/api.w.org\/{rel}","templated":true}]}}